{"id":1399,"date":"2021-01-29T12:22:20","date_gmt":"2021-01-29T12:22:20","guid":{"rendered":"https:\/\/www.asvl.com.br\/home\/?page_id=1399"},"modified":"2021-01-29T12:22:51","modified_gmt":"2021-01-29T12:22:51","slug":"politica-de-cookies","status":"publish","type":"page","link":"https:\/\/www.asvl.com.br\/home\/politica-privacidade\/politica-de-cookies\/","title":{"rendered":"Pol\u00edtica de Cookies"},"content":{"rendered":"\t\t<div data-elementor-type=\"wp-page\" data-elementor-id=\"1399\" class=\"elementor elementor-1399\" data-elementor-post-type=\"page\">\n\t\t\t\t\t\t<section class=\"elementor-section elementor-top-section elementor-element elementor-element-50f88cba elementor-section-boxed elementor-section-height-default elementor-section-height-default\" data-id=\"50f88cba\" data-element_type=\"section\">\n\t\t\t\t\t\t<div class=\"elementor-container elementor-column-gap-default\">\n\t\t\t\t\t<div class=\"elementor-column elementor-col-100 elementor-top-column elementor-element elementor-element-7a66cf32\" data-id=\"7a66cf32\" data-element_type=\"column\">\n\t\t\t<div class=\"elementor-widget-wrap elementor-element-populated\">\n\t\t\t\t\t\t<div class=\"elementor-element elementor-element-53ff28e2 elementor-widget elementor-widget-text-editor\" data-id=\"53ff28e2\" data-element_type=\"widget\" data-widget_type=\"text-editor.default\">\n\t\t\t\t<div class=\"elementor-widget-container\">\n\t\t\t\t\t\t\t<p class=\"p1\"><span style=\"font-size: 12pt;\">Apresentamos a nossa Pol\u00edtica de Cookies para que os usu\u00e1rios do site da ASVL compreendam facilmente o uso de cookies em nosso website. Se tiver d\u00favidas, entre em contato conosco atrav\u00e9s do e-mail contato@asvl.com.br.<\/span><\/p>\r\n<p class=\"p3\"><span style=\"font-size: 12pt;\">Nosso website utiliza cookies para melhorar o desempenho e aprimorar a sua experi\u00eancia de navega\u00e7\u00e3o. Certas \u00e1reas do nosso website tamb\u00e9m utiliza cookies para entender mais sobre voc\u00ea, para que possamos oferecer a melhor experi\u00eancia de navega\u00e7\u00e3o poss\u00edvel, e mais personalizada.\u00a0<\/span><\/p>\r\n<p class=\"p3\"><span style=\"font-size: 12pt;\">\u00a0Esta Pol\u00edtica de Cookies, definida abaixo, tem como objetivo descrever as pr\u00e1ticas que seguimos para respeitar a privacidade de todos os usu\u00e1rios do nosso website.\u00a0<\/span><\/p>\r\n<p class=\"p3\"><span style=\"font-size: 12pt;\">Nessa pol\u00edtica, as informa\u00e7\u00f5es pessoais significam Dados Pessoais relacionados a um indiv\u00edduo que permitem sua identifica\u00e7\u00e3o, direta ou indiretamente, como seu nome ou suas informa\u00e7\u00f5es de contato.\u00a0<\/span><\/p>\r\n<p class=\"p3\"><span style=\"font-size: 12pt;\">\u00a0Ao acessar nosso website pela primeira vez, voc\u00ea foi informado atrav\u00e9s de um aviso de texto (\u201cbanner\u201d) referente a pr\u00e1tica de cookies do websiste.\u00a0<\/span><\/p>\r\n<p class=\"p3\"><span style=\"font-size: 12pt;\"><b>O QUE S\u00c3O COOKIES?<\/b><\/span><\/p>\r\n<p class=\"p3\"><span style=\"font-size: 12pt;\">Os \u201cCookies\u201d s\u00e3o considerados arquivos, de texto ou imagem, disponibilizados em nosso website e armazenado nos dispositivos utilizados pelos usu\u00e1rios que as acessam, para funcionamento, desempenho e otimiza\u00e7\u00e3o da navega\u00e7\u00e3o.\u00a0<\/span><\/p>\r\n<p class=\"p3\"><span style=\"font-size: 12pt;\"><b>PARA QUE SERVEM OS COOKIES?\u00a0<\/b><\/span><\/p>\r\n<p class=\"p3\"><span style=\"font-size: 12pt;\">Os cookies n\u00e3o s\u00e3o utilizados para determinar a identidade pessoal de quem est\u00e1 apenas visitando nosso website, eles servem para nos ajudar a rastrear padr\u00f5es de tr\u00e1fego, para determinar a localiza\u00e7\u00e3o de um usu\u00e1rio, para que possamos direcion\u00e1-los para a p\u00e1gina inicial quando visitarem o nosso website. Esses cookies s\u00e3o definidos e chamados de cookies prim\u00e1rios.\u00a0<\/span><\/p>\r\n<p class=\"p3\"><span style=\"font-size: 12pt;\">Em determinadas p\u00e1ginas do website, os cookies s\u00e3o usados <span class=\"s1\">\u200b\u200b<\/span>para nos ajudar a rastrear seus interesses enquanto voc\u00ea navega na Internet, para que possamos personalizar an\u00fancios relevantes e entender o que \u00e9 importante para voc\u00ea.\u00a0<\/span><\/p>\r\n<p class=\"p3\"><span style=\"font-size: 12pt;\">Tamb\u00e9m utilizamos cookies de terceiros, que s\u00e3o cookies de um dom\u00ednio diferente do dom\u00ednio do nosso website.\u00a0<\/span><\/p>\r\n<p class=\"p3\"><span style=\"font-size: 12pt;\"><b>PARA QUAIS FINS A ASVL UTILIZA OS COOKIES?<\/b><\/span><\/p>\r\n<p class=\"p3\"><span style=\"font-size: 12pt;\">Mais especificamente, usamos cookies e outras tecnologias de rastreamento para os seguintes fins:\u00a0<\/span><\/p>\r\n\r\n<ul class=\"ul1\">\r\n \t<li class=\"li5\"><span class=\"s3\" style=\"font-size: 12pt;\">Ajudar voc\u00ea na navega\u00e7\u00e3o;\u00a0<\/span><\/li>\r\n \t<li class=\"li5\"><span class=\"s3\" style=\"font-size: 12pt;\">Auxiliar no registro de login e sua capacidade de fornecer feedback;\u00a0<\/span><\/li>\r\n \t<li class=\"li5\"><span class=\"s3\" style=\"font-size: 12pt;\">Analisar seu uso de nosso website;\u00a0<\/span><\/li>\r\n \t<li class=\"li5\"><span class=\"s3\" style=\"font-size: 12pt;\">Medir o uso do site (estat\u00edsticas);\u00a0<\/span><\/li>\r\n \t<li class=\"li6\"><span class=\"s3\" style=\"font-size: 12pt;\">Facilitar o compartilhamento em redes sociais;\u00a0<\/span><\/li>\r\n<\/ul>\r\n<p class=\"p8\"><span style=\"font-size: 12pt;\"><b>QUAIS TIPOS DE COOKIES UTILIZAMOS?<\/b><\/span><\/p>\r\n<p class=\"p3\"><span style=\"font-size: 12pt;\">Os cookies utilizados pelo nosso Site, Aplicativos e Plataformas executam quatro fun\u00e7\u00f5es, conforme abaixo:\u00a0<\/span><\/p>\r\n\r\n<ul class=\"ul1\">\r\n \t<li class=\"li5\"><span class=\"s3\" style=\"font-size: 12pt;\">Cookies de Sess\u00e3o\u00a0<\/span><\/li>\r\n \t<li class=\"li5\"><span class=\"s3\" style=\"font-size: 12pt;\">Cookies Prim\u00e1rios\u00a0<\/span><\/li>\r\n \t<li class=\"li5\"><span class=\"s3\" style=\"font-size: 12pt;\">Cookies Seguros\u00a0<\/span><\/li>\r\n \t<li class=\"li5\"><span class=\"s3\" style=\"font-size: 12pt;\">Cookies Analytics\u00a0<\/span><\/li>\r\n \t<li class=\"li5\"><span class=\"s3\" style=\"font-size: 12pt;\">Cookies de Terceiros\u00a0<\/span><\/li>\r\n \t<li class=\"li5\"><span class=\"s3\" style=\"font-size: 12pt;\">Cookies Flash\u00a0<\/span><\/li>\r\n<\/ul>\r\n<p class=\"p3\"><\/p>\r\n<p class=\"p3\"><span style=\"font-size: 12pt;\"><b>COOKIES DE SESS\u00c3O<\/b><\/span><\/p>\r\n<p class=\"p3\"><span style=\"font-size: 12pt;\">Se um cookie n\u00e3o apresentar uma data de validade, ele \u00e9 um cookie de sess\u00e3o. Os cookies de sess\u00e3o s\u00e3o armazenados na mem\u00f3ria e n\u00e3o s\u00e3o gravados no disco. Quando o navegador se fecha, o Cookie est\u00e1 perdido permanentemente a partir daqui. O cookie de sess\u00e3o \u00e9 um cookie espec\u00edfico do servidor que n\u00e3o pode ser transmitido a nenhuma m\u00e1quina diferente da que gerou o cookie, ele permite que o navegador se reidentifique para o servidor \u00fanico e exclusivo no qual o Usu\u00e1rio tinha anteriormente se autenticado.\u00a0<\/span><\/p>\r\n<p class=\"p3\"><\/p>\r\n<p class=\"p3\"><span style=\"font-size: 12pt;\"><b>COOKIES PRIM\u00c1RIOS<span class=\"Apple-converted-space\">\u00a0<\/span><\/b><\/span><\/p>\r\n<p class=\"p3\"><span style=\"font-size: 12pt;\">S\u00e3o cookies associados com o dom\u00ednio do host. Os cookies prim\u00e1rios s\u00e3o semelhantes \u00e0 mem\u00f3ria de longo prazo do nosso website. Eles nos ajudam a lembrar informa\u00e7\u00f5es e configura\u00e7\u00f5es quando o Usu\u00e1rio volta a nos visitar no futuro.<\/span><\/p>\r\n<p class=\"p3\"><span style=\"font-size: 12pt;\">Sem esses cookies, nosso website n\u00e3o conseguiria lembrar suas prefer\u00eancias, como configura\u00e7\u00f5es de menu, temas, sele\u00e7\u00e3o de idioma e marcadores internos entre as sess\u00f5es. Com cookies prim\u00e1rios, o usu\u00e1rio pode fazer essas sele\u00e7\u00f5es em sua primeira visita, e eles ser\u00e3o consistentes at\u00e9 que o cookie expire. Os cookies prim\u00e1rios tamb\u00e9m desempenham um papel importante na autentica\u00e7\u00e3o do usu\u00e1rio. Caso fossem desativados, o usu\u00e1rio precisaria inserir novamente suas credenciais de login, toda vez que visitar nosso website.\u00a0<\/span><\/p>\r\n<p class=\"p3\"><span style=\"font-size: 12pt;\"><b>COOKIES SEGUROS<\/b><\/span><\/p>\r\n<p class=\"p3\"><span style=\"font-size: 12pt;\">Cookies seguros s\u00e3o um tipo de cookie HTTP que tem o atributo Secure definido, o que limita o escopo do cookie a canais \u201cseguros\u201d. Quando um cookie tem o atributo Seguro, o agente do usu\u00e1rio incluir\u00e1 o cookie em uma solicita\u00e7\u00e3o HTTP apenas se a solicita\u00e7\u00e3o for transmitida por um canal seguro.\u00a0<\/span><\/p>\r\n<p class=\"p3\"><span style=\"font-size: 12pt;\"><b>COOKIES ANALYTICS<\/b><\/span><\/p>\r\n<p class=\"p3\"><span style=\"font-size: 12pt;\">Esses cookies nos ajudam a melhorar o desempenho e design do nosso website. Isso nos permite medir quantas vezes uma p\u00e1gina foi visitada, saber quais p\u00e1ginas s\u00e3o mais e menos populares e entender como os visitantes interagem pelo nosso website. Esses cookies n\u00e3o o identificam, uma vez que todos os dados coletados s\u00e3o an\u00f4nimos. Se voc\u00ea n\u00e3o permitir esses cookies, n\u00e3o saberemos quando voc\u00ea visitou nosso website.\u00a0<\/span><\/p>\r\n<p class=\"p3\"><span style=\"font-size: 12pt;\"><b>COOKIES DE TERCEIROS<\/b><\/span><\/p>\r\n<p class=\"p3\"><span style=\"font-size: 12pt;\">Estes cookies s\u00e3o definidos atrav\u00e9s do nosso website pelos nossos parceiros. Eles podem ser usados <span class=\"s1\">\u200b\u200b<\/span>por essas empresas para criar um perfil sobre os seus interesses. Eles funcionam identificando exclusivamente seu navegador e dispositivo de internet.<span class=\"Apple-converted-space\">\u00a0<\/span><\/span><\/p>\r\n<p class=\"p3\"><span style=\"font-size: 12pt;\">\u00a0Esses cookies coletam informa\u00e7\u00f5es relacionadas \u00e0 origem da sua visita, onde voc\u00ea foi exposto, que recurso voc\u00ea viu, se voc\u00ea chegou direta ou indiretamente ao nosso website, o dispositivo usado para visitar nosso website e quais downloads voc\u00ea realizou. Essas informa\u00e7\u00f5es s\u00e3o coletadas anonimamente por meio de fornecedores terceirizados.\u00a0<\/span><\/p>\r\n<p class=\"p3\"><span style=\"font-size: 12pt;\">Al\u00e9m disso, tamb\u00e9m utilizamos cookies em determinadas p\u00e1ginas do nosso website para nos comunicarmos com fornecedores de dados de terceiros para expandir seu comportamento digital. As informa\u00e7\u00f5es que recebemos s\u00e3o todas agregadas e an\u00f4nimas, mas incluem estat\u00edsticas como dados demogr\u00e1ficos, comportamento online, interesses de produtos e servi\u00e7os e estilo de vida.\u00a0\u00a0<\/span><\/p>\r\n<p class=\"p3\"><span style=\"font-size: 12pt;\">Os cookies de terceiros s\u00e3o fornecidos por fornecedores confi\u00e1veis <span class=\"s1\">\u200b\u200b<\/span>de terceiros. Caso necessite de mais informa\u00e7\u00f5es sobre nossos fornecedores e como esses cookies operam, entre em contato conosco enviando um e-mail para o seguinte endere\u00e7o [*].<\/span><\/p>\r\n<p class=\"p3\"><span style=\"font-size: 12pt;\"><b>COOKIES FLASH<\/b><\/span><\/p>\r\n<p class=\"p3\"><span style=\"font-size: 12pt;\">Os flash cookies, tamb\u00e9m conhecidos como local shared objects (LSO) ou objetos compartilhados, s\u00e3o dados armazenados (de forma semelhante aos cookies tradicionais) e que normalmente s\u00e3o utilizados pelo Adobe Flash Player para armazenar certa quantidade de configura\u00e7\u00f5es relacionadas a este programa. Os flash cookies guardam, por exemplo, informa\u00e7\u00f5es sobre v\u00eddeos em Flash que voc\u00ea tenha assistido em determinados sites ou m\u00fasicas que tenham sido guardadas em cache, entre outras aplica\u00e7\u00f5es que envolvam o Adobe Flash.\u00a0<\/span><\/p>\r\n<p class=\"p3\"><\/p>\r\n<p class=\"p3\"><span style=\"font-size: 12pt;\">Os cookies Flash, que podem ser armazenados ou recuperados sempre que um usu\u00e1rio acessa uma p\u00e1gina que cont\u00e9m um aplicativo Flash, s\u00e3o uma forma de armazenamento local. Semelhante aos cookies, eles podem ser usados <span class=\"s1\">\u200b\u200b<\/span>para armazenar as prefer\u00eancias do usu\u00e1rio, salvar dados em Flash ou para rastrear a atividade dos usu\u00e1rios na Internet.\u00a0<\/span><\/p>\r\n<p class=\"p3\"><\/p>\r\n<p class=\"p3\"><span style=\"font-size: 12pt;\"><b>COMO DESABILITAR OS COOKIES?<\/b><\/span><\/p>\r\n<p class=\"p3\"><span style=\"font-size: 12pt;\">De fato, a maioria dos navegadores de Internet s\u00e3o configurados por padr\u00e3o para aceitar permitir automaticamente a instala\u00e7\u00e3o de cookies. Contudo, voc\u00ea tem a op\u00e7\u00e3o, se desejar, de aceitar permitir todos os cookies ou optar por n\u00e3o permitir certos tipos. O usu\u00e1rio pode fazer a escolha a qualquer momento para expressar e modificar seus desejos com rela\u00e7\u00e3o aos cookies, pelos meios descritos abaixo.\u00a0<\/span><\/p>\r\n<p class=\"p3\"><span style=\"font-size: 12pt;\">O usu\u00e1rio tamb\u00e9m pode configurar seu navegador para aceitar permitir ou excluir cookies antes de eles serem instalados conforme o caso. O usu\u00e1rio tamb\u00e9m pode remover regularmente os cookies do seu terminal atrav\u00e9s do seu navegador.\u00a0<\/span><\/p>\r\n<p class=\"p3\"><span style=\"font-size: 12pt;\">No entanto, \u00e9 necess\u00e1rio estar ciente de que, se voc\u00ea desabilitar os cookies que utilizamos no seu navegador, n\u00e3o poder\u00e1 experimentar completamente algumas de nossas p\u00e1ginas. Por exemplo, n\u00e3o poder\u00e1 se beneficiar do login autom\u00e1tico e de outros recursos de personaliza\u00e7\u00e3o do nosso website.\u00a0<\/span><\/p>\r\n<p class=\"p3\"><span style=\"font-size: 12pt;\">Lembre-se de que, caso o usu\u00e1rio use dispositivos diferentes para visualizar e acessar o nosso website, como tablets, smartphones, computadores, deve assegurar-se de que cada navegador de cada dispositivo est\u00e1 ajustado para atender suas prefer\u00eancias quanto aos cookies.\u00a0<\/span><\/p>\r\n<p class=\"p3\"><span style=\"font-size: 12pt;\">\u00a0Para o gerenciamento de cookies e escolhas, os meios para configurar cada navegador s\u00e3o diferentes. Eles est\u00e3o descritos na se\u00e7\u00e3o ajuda do navegador, que permitir\u00e1 que o usu\u00e1rio saiba como alterar suas prefer\u00eancias de cookies.\u00a0<\/span><\/p>\r\n<p class=\"p3\"><span style=\"font-size: 12pt;\"><b>ALTERA\u00c7\u00d5ES A ESTA POL\u00cdTICA DE COOKIES<\/b><\/span><\/p>\r\n<p class=\"p3\"><span style=\"font-size: 12pt;\">A ASVL poder\u00e1 alterar esta Pol\u00edtica de Cookies a qualquer momento conforme necess\u00e1rio.\u00a0<\/span><\/p>\r\n<p class=\"p3\"><span style=\"font-size: 12pt;\">N\u00f3s recomendamos a todos os usu\u00e1rios a revisar periodicamente esta Pol\u00edtica para obter as informa\u00e7\u00f5es mais recentes sobre nossas pr\u00e1ticas de privacidade.\u00a0<\/span><\/p>\r\n<p class=\"p3\"><span style=\"font-size: 12pt;\"><b>ENTRE EM CONTATO<\/b><\/span><\/p>\r\n<p class=\"p1\"><span style=\"font-size: 12pt;\">Se voc\u00ea tiver d\u00favidas ou n\u00e3o achar que suas preocupa\u00e7\u00f5es foram tratadas nesta Pol\u00edtica de Cookies, entre em contato enviando um e-mail para o seguinte endere\u00e7o de e-mail: <a href=\"mailto:contato@asvl.com.br\"><span class=\"s5\">contato@asvl.com.br<\/span><\/a>.<span class=\"Apple-converted-space\">\u00a0<\/span><\/span><\/p>\t\t\t\t\t\t<\/div>\n\t\t\t\t<\/div>\n\t\t\t\t\t<\/div>\n\t\t<\/div>\n\t\t\t\t\t<\/div>\n\t\t<\/section>\n\t\t\t\t<\/div>\n\t\t","protected":false},"excerpt":{"rendered":"<p>Apresentamos a nossa Pol\u00edtica de Cookies para que os usu\u00e1rios do site da ASVL compreendam facilmente o uso de cookies em nosso website. Se tiver d\u00favidas, entre em contato conosco atrav\u00e9s do e-mail contato@asvl.com.br. Nosso website utiliza cookies para melhorar o desempenho e aprimorar a sua experi\u00eancia de navega\u00e7\u00e3o. Certas \u00e1reas do nosso website tamb\u00e9m&hellip;<\/p>\n","protected":false},"author":1,"featured_media":0,"parent":3,"menu_order":0,"comment_status":"closed","ping_status":"closed","template":"elementor_header_footer","meta":{"_monsterinsights_skip_tracking":false,"_monsterinsights_sitenote_active":false,"_monsterinsights_sitenote_note":"","_monsterinsights_sitenote_category":0,"footnotes":""},"_links":{"self":[{"href":"https:\/\/www.asvl.com.br\/home\/wp-json\/wp\/v2\/pages\/1399"}],"collection":[{"href":"https:\/\/www.asvl.com.br\/home\/wp-json\/wp\/v2\/pages"}],"about":[{"href":"https:\/\/www.asvl.com.br\/home\/wp-json\/wp\/v2\/types\/page"}],"author":[{"embeddable":true,"href":"https:\/\/www.asvl.com.br\/home\/wp-json\/wp\/v2\/users\/1"}],"replies":[{"embeddable":true,"href":"https:\/\/www.asvl.com.br\/home\/wp-json\/wp\/v2\/comments?post=1399"}],"version-history":[{"count":4,"href":"https:\/\/www.asvl.com.br\/home\/wp-json\/wp\/v2\/pages\/1399\/revisions"}],"predecessor-version":[{"id":1403,"href":"https:\/\/www.asvl.com.br\/home\/wp-json\/wp\/v2\/pages\/1399\/revisions\/1403"}],"up":[{"embeddable":true,"href":"https:\/\/www.asvl.com.br\/home\/wp-json\/wp\/v2\/pages\/3"}],"wp:attachment":[{"href":"https:\/\/www.asvl.com.br\/home\/wp-json\/wp\/v2\/media?parent=1399"}],"curies":[{"name":"wp","href":"https:\/\/api.w.org\/{rel}","templated":true}]}}