{"id":1389,"date":"2021-01-29T12:10:50","date_gmt":"2021-01-29T12:10:50","guid":{"rendered":"https:\/\/www.asvl.com.br\/home\/?page_id=1389"},"modified":"2021-01-29T12:12:57","modified_gmt":"2021-01-29T12:12:57","slug":"direitos-autorais-asvl","status":"publish","type":"page","link":"https:\/\/www.asvl.com.br\/home\/politica-privacidade\/direitos-autorais-asvl\/","title":{"rendered":"Direitos autorais ASVL"},"content":{"rendered":"\t\t<div data-elementor-type=\"wp-page\" data-elementor-id=\"1389\" class=\"elementor elementor-1389\" data-elementor-post-type=\"page\">\n\t\t\t\t\t\t<section class=\"elementor-section elementor-top-section elementor-element elementor-element-39101604 elementor-section-boxed elementor-section-height-default elementor-section-height-default\" data-id=\"39101604\" data-element_type=\"section\">\n\t\t\t\t\t\t<div class=\"elementor-container elementor-column-gap-default\">\n\t\t\t\t\t<div class=\"elementor-column elementor-col-100 elementor-top-column elementor-element elementor-element-475d0d4f\" data-id=\"475d0d4f\" data-element_type=\"column\">\n\t\t\t<div class=\"elementor-widget-wrap elementor-element-populated\">\n\t\t\t\t\t\t<div class=\"elementor-element elementor-element-1e7dbff6 elementor-widget elementor-widget-text-editor\" data-id=\"1e7dbff6\" data-element_type=\"widget\" data-widget_type=\"text-editor.default\">\n\t\t\t\t<div class=\"elementor-widget-container\">\n\t\t\t\t\t\t\t<p class=\"p1\"><span style=\"font-size: 12pt;\"><span class=\"s1\">A <\/span><b>ASSOCIA\u00c7\u00c3O DE SKATE DO VALE DO PARA\u00cdBA E DO LITORAL NORTE (ASVL)<\/b> tem por um dos princ\u00edpios a publicidade. Um dos nossos compromissos com a sociedade, colaboradores, parceiros e associados \u00e9 zelar para que a gest\u00e3o da ASVL seja democr\u00e1tica e tenha, na publicidade, uma forma transparente de controle por parte dos terceiros interessados.<\/span><\/p>\r\n<p class=\"p1\"><span style=\"font-size: 12pt;\">Por for\u00e7a da publicidade dos nossos atos, oferecemos diversas informa\u00e7\u00f5es na internet para que os terceiros interessados possam analisar e compreender o n\u00edvel de transpar\u00eancia de nossas contas e pr\u00e1ticas em prol dos objetivos elencados em nosso Estatuto Social.<\/span><\/p>\r\n<p class=\"p1\"><span style=\"font-size: 12pt;\">Entretanto, informamos que, se tem o desejo de espelhar, reproduzir, republicar ou traduzir qualquer uma das informa\u00e7\u00f5es para fins de dissemina\u00e7\u00e3o, seja para qualquer motivo for, fa\u00e7a uso mediante autoriza\u00e7\u00e3o expressa por parte da ASVL. Envie um e-mail para contato@asvl.com.br.<\/span><\/p>\r\n<p class=\"p1\"><span style=\"font-size: 12pt;\">A ASVL reserva todos os direitos autorais sobre o material em suas p\u00e1ginas em nosso website, incluindo, mas, n\u00e3o se limitando \u00e0s fotografias, design gr\u00e1ficos, artigos e demais documentos tornados p\u00fablicos.<span class=\"Apple-converted-space\">\u00a0<\/span><\/span><\/p>\r\n<p class=\"p1\"><span style=\"font-size: 12pt;\">O uso de material deste website para qualquer finalidade, incluindo c\u00f3pia impressa ou compila\u00e7\u00e3o para qualquer m\u00eddia eletr\u00f4nica \u00e9 proibido a menos que haja permiss\u00e3o pr\u00e9via por parte da ASVL.<\/span><\/p>\t\t\t\t\t\t<\/div>\n\t\t\t\t<\/div>\n\t\t\t\t\t<\/div>\n\t\t<\/div>\n\t\t\t\t\t<\/div>\n\t\t<\/section>\n\t\t\t\t<\/div>\n\t\t","protected":false},"excerpt":{"rendered":"<p>A ASSOCIA\u00c7\u00c3O DE SKATE DO VALE DO PARA\u00cdBA E DO LITORAL NORTE (ASVL) tem por um dos princ\u00edpios a publicidade. Um dos nossos compromissos com a sociedade, colaboradores, parceiros e associados \u00e9 zelar para que a gest\u00e3o da ASVL seja democr\u00e1tica e tenha, na publicidade, uma forma transparente de controle por parte dos terceiros interessados.&hellip;<\/p>\n","protected":false},"author":1,"featured_media":0,"parent":3,"menu_order":0,"comment_status":"closed","ping_status":"closed","template":"elementor_header_footer","meta":{"_monsterinsights_skip_tracking":false,"_monsterinsights_sitenote_active":false,"_monsterinsights_sitenote_note":"","_monsterinsights_sitenote_category":0,"footnotes":""},"_links":{"self":[{"href":"https:\/\/www.asvl.com.br\/home\/wp-json\/wp\/v2\/pages\/1389"}],"collection":[{"href":"https:\/\/www.asvl.com.br\/home\/wp-json\/wp\/v2\/pages"}],"about":[{"href":"https:\/\/www.asvl.com.br\/home\/wp-json\/wp\/v2\/types\/page"}],"author":[{"embeddable":true,"href":"https:\/\/www.asvl.com.br\/home\/wp-json\/wp\/v2\/users\/1"}],"replies":[{"embeddable":true,"href":"https:\/\/www.asvl.com.br\/home\/wp-json\/wp\/v2\/comments?post=1389"}],"version-history":[{"count":4,"href":"https:\/\/www.asvl.com.br\/home\/wp-json\/wp\/v2\/pages\/1389\/revisions"}],"predecessor-version":[{"id":1393,"href":"https:\/\/www.asvl.com.br\/home\/wp-json\/wp\/v2\/pages\/1389\/revisions\/1393"}],"up":[{"embeddable":true,"href":"https:\/\/www.asvl.com.br\/home\/wp-json\/wp\/v2\/pages\/3"}],"wp:attachment":[{"href":"https:\/\/www.asvl.com.br\/home\/wp-json\/wp\/v2\/media?parent=1389"}],"curies":[{"name":"wp","href":"https:\/\/api.w.org\/{rel}","templated":true}]}}